{"id":1805,"date":"2022-01-24T15:46:35","date_gmt":"2022-01-24T14:46:35","guid":{"rendered":"https:\/\/9dot.it\/?page_id=1805"},"modified":"2022-04-06T16:25:22","modified_gmt":"2022-04-06T14:25:22","slug":"familia-productos","status":"publish","type":"page","link":"https:\/\/9dot.it\/es\/familia-productos\/","title":{"rendered":"Familia de Productos"},"content":{"rendered":"\n<p>La gama de productos 9dot es capaz de garantizar una mayor protecci\u00f3n de los dispositivos PoE, con la posibilidad de prevenir todos los riesgos relacionados con aver\u00edas y mal funcionamiento de la l\u00ednea el\u00e9ctrica.<\/p>\n\n\n\n<p>Gracias a una funci\u00f3n que permite configurar nuestros dispositivos, es posible obtener el control de todo el sistema de alimentaci\u00f3n, con el valor agregado de la modularidad en la elecci\u00f3n del producto en funci\u00f3n del tama\u00f1o de la infraestructura.<\/p>\n\n\n\n<p>Otro elemento de \u00e9xito de nuestra empresa est\u00e1 representado por la posibilidad de utilizar la sincronizaci\u00f3n con los dispositivos de Cambium Networks.<\/p>\n\n\n\n<p>Una serie de productos caracterizados por una extrema modularidad, concebidos para permitir y gestionar el suministro de energ\u00eda de los dispositivos de forma remota, a trav\u00e9s de interfaces sencillas y hardware de alta fiabilidad. Una \u00fanica herramienta capaz de gestionar toda la carga de potencia, desde la alimentaci\u00f3n hasta la inyecci\u00f3n, en diferentes dispositivos, monitorizando tambi\u00e9n su sincronizaci\u00f3n (compatible con Cambium y Canopy Sync).<\/p>\n","protected":false},"excerpt":{"rendered":"<p>La gama de productos 9dot es capaz de garantizar una mayor protecci\u00f3n de los dispositivos [&hellip;]<\/p>\n","protected":false},"author":2,"featured_media":1720,"parent":0,"menu_order":0,"comment_status":"closed","ping_status":"closed","template":"","meta":{"_acf_changed":false,"footnotes":""},"class_list":["post-1805","page","type-page","status-publish","has-post-thumbnail","hentry"],"acf":[],"_links":{"self":[{"href":"https:\/\/9dot.it\/es\/wp-json\/wp\/v2\/pages\/1805","targetHints":{"allow":["GET"]}}],"collection":[{"href":"https:\/\/9dot.it\/es\/wp-json\/wp\/v2\/pages"}],"about":[{"href":"https:\/\/9dot.it\/es\/wp-json\/wp\/v2\/types\/page"}],"author":[{"embeddable":true,"href":"https:\/\/9dot.it\/es\/wp-json\/wp\/v2\/users\/2"}],"replies":[{"embeddable":true,"href":"https:\/\/9dot.it\/es\/wp-json\/wp\/v2\/comments?post=1805"}],"version-history":[{"count":3,"href":"https:\/\/9dot.it\/es\/wp-json\/wp\/v2\/pages\/1805\/revisions"}],"predecessor-version":[{"id":2566,"href":"https:\/\/9dot.it\/es\/wp-json\/wp\/v2\/pages\/1805\/revisions\/2566"}],"wp:featuredmedia":[{"embeddable":true,"href":"https:\/\/9dot.it\/es\/wp-json\/wp\/v2\/media\/1720"}],"wp:attachment":[{"href":"https:\/\/9dot.it\/es\/wp-json\/wp\/v2\/media?parent=1805"}],"curies":[{"name":"wp","href":"https:\/\/api.w.org\/{rel}","templated":true}]}}