{"id":1903,"date":"2022-03-05T13:23:12","date_gmt":"2022-03-05T12:23:12","guid":{"rendered":"https:\/\/9dot.it\/?page_id=1903"},"modified":"2026-02-04T15:08:28","modified_gmt":"2026-02-04T14:08:28","slug":"soluciones","status":"publish","type":"page","link":"https:\/\/9dot.it\/es\/soluciones\/","title":{"rendered":"Soluciones"},"content":{"rendered":"\n<p>Las redes complejas y las infraestructuras cr\u00edticas requieren <strong>soluciones de gesti\u00f3n de la alimentaci\u00f3n fiables<\/strong>.<br>Descubren c\u00f3mo 9dot garantiza el funcionamiento de redes, sistemas industriales e infraestructuras cr\u00edticas.<\/p>\n","protected":false},"excerpt":{"rendered":"<p>Las redes complejas y las infraestructuras cr\u00edticas requieren soluciones de gesti\u00f3n de la alimentaci\u00f3n fiables.Descubren [&hellip;]<\/p>\n","protected":false},"author":8,"featured_media":1912,"parent":0,"menu_order":0,"comment_status":"closed","ping_status":"closed","template":"","meta":{"_acf_changed":false,"footnotes":""},"class_list":["post-1903","page","type-page","status-publish","has-post-thumbnail","hentry"],"acf":[],"_links":{"self":[{"href":"https:\/\/9dot.it\/es\/wp-json\/wp\/v2\/pages\/1903","targetHints":{"allow":["GET"]}}],"collection":[{"href":"https:\/\/9dot.it\/es\/wp-json\/wp\/v2\/pages"}],"about":[{"href":"https:\/\/9dot.it\/es\/wp-json\/wp\/v2\/types\/page"}],"author":[{"embeddable":true,"href":"https:\/\/9dot.it\/es\/wp-json\/wp\/v2\/users\/8"}],"replies":[{"embeddable":true,"href":"https:\/\/9dot.it\/es\/wp-json\/wp\/v2\/comments?post=1903"}],"version-history":[{"count":3,"href":"https:\/\/9dot.it\/es\/wp-json\/wp\/v2\/pages\/1903\/revisions"}],"predecessor-version":[{"id":4629,"href":"https:\/\/9dot.it\/es\/wp-json\/wp\/v2\/pages\/1903\/revisions\/4629"}],"wp:featuredmedia":[{"embeddable":true,"href":"https:\/\/9dot.it\/es\/wp-json\/wp\/v2\/media\/1912"}],"wp:attachment":[{"href":"https:\/\/9dot.it\/es\/wp-json\/wp\/v2\/media?parent=1903"}],"curies":[{"name":"wp","href":"https:\/\/api.w.org\/{rel}","templated":true}]}}