{"id":4080,"date":"2025-07-21T10:35:49","date_gmt":"2025-07-21T08:35:49","guid":{"rendered":"https:\/\/9dot.it\/?page_id=4080"},"modified":"2025-07-23T14:34:36","modified_gmt":"2025-07-23T12:34:36","slug":"proyectos-innovadores","status":"publish","type":"page","link":"https:\/\/9dot.it\/es\/proyectos-innovadores\/","title":{"rendered":"Proyectos Innovadores"},"content":{"rendered":"\n<p>9dot participa activamente en varios proyectos colaborativos de I+D de vanguardia, todos unidos por un objetivo com\u00fan: mejorar continuamente nuestra experiencia en el dise\u00f1o de sistemas electr\u00f3nicos avanzados y aplicar este conocimiento a aplicaciones complementarias y de alto impacto.<\/p>\n\n\n\n<p>A continuaci\u00f3n, presentamos una selecci\u00f3n de nuestros proyectos m\u00e1s recientes y relevantes, impulsados por la innovaci\u00f3n:<\/p>\n","protected":false},"excerpt":{"rendered":"<p>9dot participa activamente en varios proyectos colaborativos de I+D de vanguardia, todos unidos por un [&hellip;]<\/p>\n","protected":false},"author":2,"featured_media":4095,"parent":0,"menu_order":0,"comment_status":"closed","ping_status":"closed","template":"","meta":{"_acf_changed":false,"footnotes":""},"class_list":["post-4080","page","type-page","status-publish","has-post-thumbnail","hentry"],"acf":[],"_links":{"self":[{"href":"https:\/\/9dot.it\/es\/wp-json\/wp\/v2\/pages\/4080","targetHints":{"allow":["GET"]}}],"collection":[{"href":"https:\/\/9dot.it\/es\/wp-json\/wp\/v2\/pages"}],"about":[{"href":"https:\/\/9dot.it\/es\/wp-json\/wp\/v2\/types\/page"}],"author":[{"embeddable":true,"href":"https:\/\/9dot.it\/es\/wp-json\/wp\/v2\/users\/2"}],"replies":[{"embeddable":true,"href":"https:\/\/9dot.it\/es\/wp-json\/wp\/v2\/comments?post=4080"}],"version-history":[{"count":3,"href":"https:\/\/9dot.it\/es\/wp-json\/wp\/v2\/pages\/4080\/revisions"}],"predecessor-version":[{"id":4102,"href":"https:\/\/9dot.it\/es\/wp-json\/wp\/v2\/pages\/4080\/revisions\/4102"}],"wp:featuredmedia":[{"embeddable":true,"href":"https:\/\/9dot.it\/es\/wp-json\/wp\/v2\/media\/4095"}],"wp:attachment":[{"href":"https:\/\/9dot.it\/es\/wp-json\/wp\/v2\/media?parent=4080"}],"curies":[{"name":"wp","href":"https:\/\/api.w.org\/{rel}","templated":true}]}}