{"id":4455,"date":"2025-07-14T15:12:00","date_gmt":"2025-07-14T13:12:00","guid":{"rendered":"https:\/\/9dot.it\/progetti-innovativi\/bando-sirio\/"},"modified":"2026-01-27T15:06:09","modified_gmt":"2026-01-27T14:06:09","slug":"bando-sirio","status":"publish","type":"page","link":"https:\/\/9dot.it\/it\/progetti-innovativi\/bando-sirio\/","title":{"rendered":"Bando Sirio - Sistemi Intelligenti per misure di Radioattivit\u00e0 Integrati nell\u2019ambiente Operativo"},"content":{"rendered":"\n<p>Il settore italiano del marmo tecnico, con una forte presenza in Toscana, rappresenta una componente strategica dell'economia nazionale grazie al suo elevato valore produttivo ed esportativo. Nonostante l'eccellenza raggiunta, l'industria deve affrontare sfide critiche legate alla sicurezza, alla sostenibilit\u00e0 e all'innovazione tecnologica. In questo contesto \u00e8 stato avviato il progetto SIRIO, che punta a migliorare le condizioni di lavoro e la sicurezza ambientale attraverso l'integrazione di un innovativo sistema di monitoraggio della radioattivit\u00e0, in conformit\u00e0 con il Decreto Legislativo 101\/2020.<\/p>\n\n\n\n<p>Il sistema, sviluppato da un consorzio guidato da CAEN SpA in collaborazione con ACTA, Dansk e 9dot, sar\u00e0 in grado di effettuare misurazioni radiologiche in vari ambienti (cave, spazi chiusi, fonti d'acqua), adattandosi alle esigenze specifiche delle filiere toscane di approvvigionamento di materiale lapideo. In particolare, 9dot fornir\u00e0 un sistema di alimentazione elettrica ad alta tecnologia dotato di funzionalit\u00e0 Power over Ethernet (PoE), progettato per ottimizzare il consumo energetico e garantire la continuit\u00e0 operativa. Il sistema include una gestione avanzata delle batterie e la possibilit\u00e0 di integrare fonti di energia alternative, come l'energia solare, contribuendo cos\u00ec alla sostenibilit\u00e0 complessiva del progetto.<\/p>\n\n\n\n<figure class=\"wp-block-image size-full\"><img loading=\"lazy\" decoding=\"async\" width=\"1920\" height=\"190\" src=\"https:\/\/9dot.it\/wp-content\/uploads\/2025\/07\/loghi-Sirio.jpg\" alt=\"loghi progetto Sirio\" class=\"wp-image-4077\" srcset=\"https:\/\/9dot.it\/wp-content\/uploads\/2025\/07\/loghi-Sirio.jpg 1920w, https:\/\/9dot.it\/wp-content\/uploads\/2025\/07\/loghi-Sirio-300x30.jpg 300w, https:\/\/9dot.it\/wp-content\/uploads\/2025\/07\/loghi-Sirio-1024x101.jpg 1024w, https:\/\/9dot.it\/wp-content\/uploads\/2025\/07\/loghi-Sirio-768x76.jpg 768w, https:\/\/9dot.it\/wp-content\/uploads\/2025\/07\/loghi-Sirio-1536x152.jpg 1536w\" sizes=\"auto, (max-width: 1920px) 100vw, 1920px\" \/><\/figure>\n","protected":false},"excerpt":{"rendered":"<p>Il settore italiano del marmo tecnico, con una forte presenza in Toscana, rappresenta una componente [&hellip;]<\/p>\n","protected":false},"author":2,"featured_media":0,"parent":4452,"menu_order":0,"comment_status":"closed","ping_status":"closed","template":"","meta":{"_acf_changed":false,"footnotes":""},"class_list":["post-4455","page","type-page","status-publish","hentry"],"acf":[],"_links":{"self":[{"href":"https:\/\/9dot.it\/it\/wp-json\/wp\/v2\/pages\/4455","targetHints":{"allow":["GET"]}}],"collection":[{"href":"https:\/\/9dot.it\/it\/wp-json\/wp\/v2\/pages"}],"about":[{"href":"https:\/\/9dot.it\/it\/wp-json\/wp\/v2\/types\/page"}],"author":[{"embeddable":true,"href":"https:\/\/9dot.it\/it\/wp-json\/wp\/v2\/users\/2"}],"replies":[{"embeddable":true,"href":"https:\/\/9dot.it\/it\/wp-json\/wp\/v2\/comments?post=4455"}],"version-history":[{"count":1,"href":"https:\/\/9dot.it\/it\/wp-json\/wp\/v2\/pages\/4455\/revisions"}],"predecessor-version":[{"id":4456,"href":"https:\/\/9dot.it\/it\/wp-json\/wp\/v2\/pages\/4455\/revisions\/4456"}],"up":[{"embeddable":true,"href":"https:\/\/9dot.it\/it\/wp-json\/wp\/v2\/pages\/4452"}],"wp:attachment":[{"href":"https:\/\/9dot.it\/it\/wp-json\/wp\/v2\/media?parent=4455"}],"curies":[{"name":"wp","href":"https:\/\/api.w.org\/{rel}","templated":true}]}}